{"id":2932,"date":"2023-08-01T19:09:28","date_gmt":"2023-08-01T19:09:28","guid":{"rendered":"https:\/\/paceco-poseidon.com\/politica-de-cookies\/"},"modified":"2024-02-06T15:28:59","modified_gmt":"2024-02-06T15:28:59","slug":"cookies-policy-paceco-momentum","status":"publish","type":"page","link":"https:\/\/paceco-poseidon.com\/en\/cookies-policy-paceco-momentum\/","title":{"rendered":"Cookies Policy"},"content":{"rendered":"\t\t<div data-elementor-type=\"wp-page\" data-elementor-id=\"2932\" class=\"elementor elementor-2932 elementor-2910\" data-elementor-post-type=\"page\">\n\t\t\t\t<div class=\"elementor-element elementor-element-6996add e-flex e-con-boxed e-con e-parent\" data-id=\"6996add\" data-element_type=\"container\" data-e-type=\"container\">\n\t\t\t\t\t<div class=\"e-con-inner\">\n\t\t\t\t<div class=\"elementor-element elementor-element-c8706c4 elementor-widget elementor-widget-heading\" data-id=\"c8706c4\" data-element_type=\"widget\" data-e-type=\"widget\" data-widget_type=\"heading.default\">\n\t\t\t\t<div class=\"elementor-widget-container\">\n\t\t\t\t\t<h2 class=\"elementor-heading-title elementor-size-default\">Cookies Policy<\/h2>\t\t\t\t<\/div>\n\t\t\t\t<\/div>\n\t\t\t\t<div class=\"elementor-element elementor-element-fff2f9f elementor-widget elementor-widget-text-editor\" data-id=\"fff2f9f\" data-element_type=\"widget\" data-e-type=\"widget\" data-widget_type=\"text-editor.default\">\n\t\t\t\t<div class=\"elementor-widget-container\">\n\t\t\t\t\t\t\t\t\t<p><span style=\"font-weight: 400\">We use our own and third-party cookies to ensure the proper functioning of the portal, we collect&nbsp; information on its use, improve our services and show you personalised advertising based on the analysis of your browsing, which we share with third parties. You may configure or reject the cookies settings or obtain more information from the menu below.<\/span><\/p>\n<p><span style=\"font-weight: 400\">YOU AGREE TO THE FOLLOWING:<\/span><\/p>\n<p><span style=\"font-weight: 400\">&#8211; Store or access information&nbsp; on a device: decline\/accept<\/span><\/p>\n<p><span style=\"font-weight: 400\">&#8211; Develop and improve products:&nbsp;<\/span><span style=\"color: var( --e-global-color-text );font-family: var( --e-global-typography-text-font-family ), Sans-serif;font-weight: var( --e-global-typography-text-font-weight );font-size: 1rem\">decline\/accept<\/span><\/p>\n<p><span style=\"color: var( --e-global-color-text );font-family: var( --e-global-typography-text-font-family ), Sans-serif;font-weight: var( --e-global-typography-text-font-weight );font-size: 1rem\">&#8211; Use market research to generate audience information:&nbsp;<\/span><span style=\"color: var( --e-global-color-text );font-family: var( --e-global-typography-text-font-family ), Sans-serif;font-weight: var( --e-global-typography-text-font-weight );font-size: 1rem\">decline\/accept<\/span><\/p>\n<p><span style=\"color: var( --e-global-color-text );font-family: var( --e-global-typography-text-font-family ), Sans-serif;font-weight: var( --e-global-typography-text-font-weight );font-size: 1rem\">&#8211; Measure performance of content:&nbsp;<\/span><span style=\"color: var( --e-global-color-text );font-family: var( --e-global-typography-text-font-family ), Sans-serif;font-weight: var( --e-global-typography-text-font-weight );font-size: 1rem\">decline\/accept<\/span><\/p>\n<p><span style=\"color: var( --e-global-color-text );font-family: var( --e-global-typography-text-font-family ), Sans-serif;font-weight: var( --e-global-typography-text-font-weight );font-size: 1rem\">&#8211; Measure ad performance:&nbsp;<\/span><span style=\"color: var( --e-global-color-text );font-family: var( --e-global-typography-text-font-family ), Sans-serif;font-weight: var( --e-global-typography-text-font-weight );font-size: 1rem\">decline\/accept<\/span><\/p>\n<p><span style=\"color: var( --e-global-color-text );font-family: var( --e-global-typography-text-font-family ), Sans-serif;font-weight: var( --e-global-typography-text-font-weight );font-size: 1rem\">&#8211; Select personalised content:&nbsp;<\/span><span style=\"color: var( --e-global-color-text );font-family: var( --e-global-typography-text-font-family ), Sans-serif;font-weight: var( --e-global-typography-text-font-weight );font-size: 1rem\">decline\/accept<\/span><\/p>\n<p><span style=\"color: var( --e-global-color-text );font-family: var( --e-global-typography-text-font-family ), Sans-serif;font-weight: var( --e-global-typography-text-font-weight );font-size: 1rem\">&#8211; Create a profile for content personalisation:&nbsp;<\/span><span style=\"color: var( --e-global-color-text );font-family: var( --e-global-typography-text-font-family ), Sans-serif;font-weight: var( --e-global-typography-text-font-weight );font-size: 1rem\">decline\/accept<\/span><\/p>\n<p><span style=\"color: var( --e-global-color-text );font-family: var( --e-global-typography-text-font-family ), Sans-serif;font-weight: var( --e-global-typography-text-font-weight );font-size: 1rem\">&#8211; Select personalised ads:&nbsp;<\/span><span style=\"color: var( --e-global-color-text );font-family: var( --e-global-typography-text-font-family ), Sans-serif;font-weight: var( --e-global-typography-text-font-weight );font-size: 1rem\">decline\/accept<\/span><\/p>\n<p><span style=\"color: var( --e-global-color-text );font-family: var( --e-global-typography-text-font-family ), Sans-serif;font-weight: var( --e-global-typography-text-font-weight );font-size: 1rem\">&#8211; Create a personalised advertising profile:&nbsp;<\/span><span style=\"color: var( --e-global-color-text );font-family: var( --e-global-typography-text-font-family ), Sans-serif;font-weight: var( --e-global-typography-text-font-weight );font-size: 1rem\">decline\/accept<\/span><\/p>\n<p><span style=\"color: var( --e-global-color-text );font-family: var( --e-global-typography-text-font-family ), Sans-serif;font-weight: var( --e-global-typography-text-font-weight );font-size: 1rem\">&#8211; Select basic ads:&nbsp;<\/span><span style=\"color: var( --e-global-color-text );font-family: var( --e-global-typography-text-font-family ), Sans-serif;font-weight: var( --e-global-typography-text-font-weight );font-size: 1rem\">decline\/accept<\/span><\/p>\n<p><span style=\"color: var( --e-global-color-text );font-family: var( --e-global-typography-text-font-family ), Sans-serif;font-weight: var( --e-global-typography-text-font-weight );font-size: 1rem\">&#8211; Actively analyse device characteristics for identification:&nbsp;<\/span><span style=\"color: var( --e-global-color-text );font-family: var( --e-global-typography-text-font-family ), Sans-serif;font-weight: var( --e-global-typography-text-font-weight );font-size: 1rem\">decline\/accept<\/span><\/p>\n<p><span style=\"color: var( --e-global-color-text );font-family: var( --e-global-typography-text-font-family ), Sans-serif;font-weight: var( --e-global-typography-text-font-weight );font-size: 1rem\">&#8211; Use precise geo-location data:&nbsp;<\/span><span style=\"color: var( --e-global-color-text );font-family: var( --e-global-typography-text-font-family ), Sans-serif;font-weight: var( --e-global-typography-text-font-weight );font-size: 1rem\">decline\/accept<\/span><\/p>\n<p><span style=\"color: var( --e-global-color-text );font-family: var( --e-global-typography-text-font-family ), Sans-serif;font-weight: var( --e-global-typography-text-font-weight );font-size: 1rem\">If you consent to the above purposes, you also allow this website and its partners to operate the following data processing: to match and combine offline data sources, to ensure security, prevent fraud and debug errors, to receive and use for identification purposes and to process the following data: to receive and use for identification purposes:&nbsp;<\/span><span style=\"color: var( --e-global-color-text );font-family: var( --e-global-typography-text-font-family ), Sans-serif;font-weight: var( --e-global-typography-text-font-weight );font-size: 1rem\">decline\/accept<\/span><\/p>\t\t\t\t\t\t\t\t<\/div>\n\t\t\t\t<\/div>\n\t\t\t\t\t<\/div>\n\t\t\t\t<\/div>\n\t\t\t\t<\/div>\n\t\t","protected":false},"excerpt":{"rendered":"<p>Cookies Policy We use our own and third-party cookies to ensure the proper functioning of the portal, we collect&nbsp; information on its use, improve our services and show you personalised advertising based on the analysis of your browsing, which we share with third parties. You may configure or reject the cookies settings or obtain more [&hellip;]<\/p>\n","protected":false},"author":1,"featured_media":0,"parent":0,"menu_order":0,"comment_status":"closed","ping_status":"closed","template":"","meta":{"_acf_changed":false,"inline_featured_image":false,"footnotes":""},"class_list":["post-2932","page","type-page","status-publish","hentry"],"acf":[],"yoast_head":"<!-- This site is optimized with the Yoast SEO plugin v27.3 - https:\/\/yoast.com\/product\/yoast-seo-wordpress\/ -->\n<title>Cookies Policy - Paceco Poseidon<\/title>\n<meta name=\"description\" content=\"Announcement and guidelines concerning our established cookies policy for PACECO MOMENTUM website users and visitors\" \/>\n<meta name=\"robots\" content=\"index, follow, max-snippet:-1, max-image-preview:large, max-video-preview:-1\" \/>\n<link rel=\"canonical\" href=\"https:\/\/paceco-poseidon.com\/en\/cookies-policy-paceco-momentum\/\" \/>\n<meta property=\"og:locale\" content=\"en_US\" \/>\n<meta property=\"og:type\" content=\"article\" \/>\n<meta property=\"og:title\" content=\"Cookies Policy - Paceco Poseidon\" \/>\n<meta property=\"og:description\" content=\"Announcement and guidelines concerning our established cookies policy for PACECO MOMENTUM website users and visitors\" \/>\n<meta property=\"og:url\" content=\"https:\/\/paceco-poseidon.com\/en\/cookies-policy-paceco-momentum\/\" \/>\n<meta property=\"og:site_name\" content=\"Paceco Poseidon\" \/>\n<meta property=\"article:modified_time\" content=\"2024-02-06T15:28:59+00:00\" \/>\n<meta name=\"twitter:card\" content=\"summary_large_image\" \/>\n<meta name=\"twitter:label1\" content=\"Est. reading time\" \/>\n\t<meta name=\"twitter:data1\" content=\"1 minute\" \/>\n<script type=\"application\/ld+json\" class=\"yoast-schema-graph\">{\"@context\":\"https:\\\/\\\/schema.org\",\"@graph\":[{\"@type\":\"WebPage\",\"@id\":\"https:\\\/\\\/paceco-poseidon.com\\\/en\\\/cookies-policy-paceco-momentum\\\/\",\"url\":\"https:\\\/\\\/paceco-poseidon.com\\\/en\\\/cookies-policy-paceco-momentum\\\/\",\"name\":\"Cookies Policy - Paceco Poseidon\",\"isPartOf\":{\"@id\":\"https:\\\/\\\/paceco-poseidon.com\\\/en\\\/#website\"},\"datePublished\":\"2023-08-01T19:09:28+00:00\",\"dateModified\":\"2024-02-06T15:28:59+00:00\",\"description\":\"Announcement and guidelines concerning our established cookies policy for PACECO MOMENTUM website users and visitors\",\"breadcrumb\":{\"@id\":\"https:\\\/\\\/paceco-poseidon.com\\\/en\\\/cookies-policy-paceco-momentum\\\/#breadcrumb\"},\"inLanguage\":\"en-US\",\"potentialAction\":[{\"@type\":\"ReadAction\",\"target\":[\"https:\\\/\\\/paceco-poseidon.com\\\/en\\\/cookies-policy-paceco-momentum\\\/\"]}]},{\"@type\":\"BreadcrumbList\",\"@id\":\"https:\\\/\\\/paceco-poseidon.com\\\/en\\\/cookies-policy-paceco-momentum\\\/#breadcrumb\",\"itemListElement\":[{\"@type\":\"ListItem\",\"position\":1,\"name\":\"Home\",\"item\":\"https:\\\/\\\/paceco-poseidon.com\\\/en\\\/\"},{\"@type\":\"ListItem\",\"position\":2,\"name\":\"Cookies Policy\"}]},{\"@type\":\"WebSite\",\"@id\":\"https:\\\/\\\/paceco-poseidon.com\\\/en\\\/#website\",\"url\":\"https:\\\/\\\/paceco-poseidon.com\\\/en\\\/\",\"name\":\"Paceco Poseidon\",\"description\":\"Gr\u00faas, servicios y tecnolog\u00edas para terminales de contenedores y multiprop\u00f3sito - Paceco Momentum\",\"publisher\":{\"@id\":\"https:\\\/\\\/paceco-poseidon.com\\\/en\\\/#organization\"},\"potentialAction\":[{\"@type\":\"SearchAction\",\"target\":{\"@type\":\"EntryPoint\",\"urlTemplate\":\"https:\\\/\\\/paceco-poseidon.com\\\/en\\\/?s={search_term_string}\"},\"query-input\":{\"@type\":\"PropertyValueSpecification\",\"valueRequired\":true,\"valueName\":\"search_term_string\"}}],\"inLanguage\":\"en-US\"},{\"@type\":\"Organization\",\"@id\":\"https:\\\/\\\/paceco-poseidon.com\\\/en\\\/#organization\",\"name\":\"Paceco Poseidon\",\"url\":\"https:\\\/\\\/paceco-poseidon.com\\\/en\\\/\",\"logo\":{\"@type\":\"ImageObject\",\"inLanguage\":\"en-US\",\"@id\":\"https:\\\/\\\/paceco-poseidon.com\\\/en\\\/#\\\/schema\\\/logo\\\/image\\\/\",\"url\":\"https:\\\/\\\/paceco-poseidon.com\\\/wp-content\\\/uploads\\\/sites\\\/2\\\/2023\\\/07\\\/poseidon.png\",\"contentUrl\":\"https:\\\/\\\/paceco-poseidon.com\\\/wp-content\\\/uploads\\\/sites\\\/2\\\/2023\\\/07\\\/poseidon.png\",\"width\":690,\"height\":225,\"caption\":\"Paceco Poseidon\"},\"image\":{\"@id\":\"https:\\\/\\\/paceco-poseidon.com\\\/en\\\/#\\\/schema\\\/logo\\\/image\\\/\"}}]}<\/script>\n<!-- \/ Yoast SEO plugin. -->","yoast_head_json":{"title":"Cookies Policy - Paceco Poseidon","description":"Announcement and guidelines concerning our established cookies policy for PACECO MOMENTUM website users and visitors","robots":{"index":"index","follow":"follow","max-snippet":"max-snippet:-1","max-image-preview":"max-image-preview:large","max-video-preview":"max-video-preview:-1"},"canonical":"https:\/\/paceco-poseidon.com\/en\/cookies-policy-paceco-momentum\/","og_locale":"en_US","og_type":"article","og_title":"Cookies Policy - Paceco Poseidon","og_description":"Announcement and guidelines concerning our established cookies policy for PACECO MOMENTUM website users and visitors","og_url":"https:\/\/paceco-poseidon.com\/en\/cookies-policy-paceco-momentum\/","og_site_name":"Paceco Poseidon","article_modified_time":"2024-02-06T15:28:59+00:00","twitter_card":"summary_large_image","twitter_misc":{"Est. reading time":"1 minute"},"schema":{"@context":"https:\/\/schema.org","@graph":[{"@type":"WebPage","@id":"https:\/\/paceco-poseidon.com\/en\/cookies-policy-paceco-momentum\/","url":"https:\/\/paceco-poseidon.com\/en\/cookies-policy-paceco-momentum\/","name":"Cookies Policy - Paceco Poseidon","isPartOf":{"@id":"https:\/\/paceco-poseidon.com\/en\/#website"},"datePublished":"2023-08-01T19:09:28+00:00","dateModified":"2024-02-06T15:28:59+00:00","description":"Announcement and guidelines concerning our established cookies policy for PACECO MOMENTUM website users and visitors","breadcrumb":{"@id":"https:\/\/paceco-poseidon.com\/en\/cookies-policy-paceco-momentum\/#breadcrumb"},"inLanguage":"en-US","potentialAction":[{"@type":"ReadAction","target":["https:\/\/paceco-poseidon.com\/en\/cookies-policy-paceco-momentum\/"]}]},{"@type":"BreadcrumbList","@id":"https:\/\/paceco-poseidon.com\/en\/cookies-policy-paceco-momentum\/#breadcrumb","itemListElement":[{"@type":"ListItem","position":1,"name":"Home","item":"https:\/\/paceco-poseidon.com\/en\/"},{"@type":"ListItem","position":2,"name":"Cookies Policy"}]},{"@type":"WebSite","@id":"https:\/\/paceco-poseidon.com\/en\/#website","url":"https:\/\/paceco-poseidon.com\/en\/","name":"Paceco Poseidon","description":"Gr\u00faas, servicios y tecnolog\u00edas para terminales de contenedores y multiprop\u00f3sito - Paceco Momentum","publisher":{"@id":"https:\/\/paceco-poseidon.com\/en\/#organization"},"potentialAction":[{"@type":"SearchAction","target":{"@type":"EntryPoint","urlTemplate":"https:\/\/paceco-poseidon.com\/en\/?s={search_term_string}"},"query-input":{"@type":"PropertyValueSpecification","valueRequired":true,"valueName":"search_term_string"}}],"inLanguage":"en-US"},{"@type":"Organization","@id":"https:\/\/paceco-poseidon.com\/en\/#organization","name":"Paceco Poseidon","url":"https:\/\/paceco-poseidon.com\/en\/","logo":{"@type":"ImageObject","inLanguage":"en-US","@id":"https:\/\/paceco-poseidon.com\/en\/#\/schema\/logo\/image\/","url":"https:\/\/paceco-poseidon.com\/wp-content\/uploads\/sites\/2\/2023\/07\/poseidon.png","contentUrl":"https:\/\/paceco-poseidon.com\/wp-content\/uploads\/sites\/2\/2023\/07\/poseidon.png","width":690,"height":225,"caption":"Paceco Poseidon"},"image":{"@id":"https:\/\/paceco-poseidon.com\/en\/#\/schema\/logo\/image\/"}}]}},"_links":{"self":[{"href":"https:\/\/paceco-poseidon.com\/en\/wp-json\/wp\/v2\/pages\/2932","targetHints":{"allow":["GET"]}}],"collection":[{"href":"https:\/\/paceco-poseidon.com\/en\/wp-json\/wp\/v2\/pages"}],"about":[{"href":"https:\/\/paceco-poseidon.com\/en\/wp-json\/wp\/v2\/types\/page"}],"author":[{"embeddable":true,"href":"https:\/\/paceco-poseidon.com\/en\/wp-json\/wp\/v2\/users\/1"}],"replies":[{"embeddable":true,"href":"https:\/\/paceco-poseidon.com\/en\/wp-json\/wp\/v2\/comments?post=2932"}],"version-history":[{"count":0,"href":"https:\/\/paceco-poseidon.com\/en\/wp-json\/wp\/v2\/pages\/2932\/revisions"}],"wp:attachment":[{"href":"https:\/\/paceco-poseidon.com\/en\/wp-json\/wp\/v2\/media?parent=2932"}],"curies":[{"name":"wp","href":"https:\/\/api.w.org\/{rel}","templated":true}]}}